{"id":25,"date":"2011-09-06T13:19:43","date_gmt":"2011-09-06T13:19:43","guid":{"rendered":"http:\/\/www.artechmedia.org\/globalnetsi\/?page_id=25"},"modified":"2014-04-11T08:13:58","modified_gmt":"2014-04-11T08:13:58","slug":"activities","status":"publish","type":"page","link":"https:\/\/www.artechmedia.org\/globalnetsi\/es\/activities\/","title":{"rendered":"actividades"},"content":{"rendered":"<p><span style=\"color: #000000;\"><img loading=\"lazy\" decoding=\"async\" alt=\"\" src=\"data:image\/png;base64,iVBORw0KGgoAAAANSUhEUgAAAAYAAAAGCAIAAABvrngfAAABK2lDQ1BJQ0MgUHJvZmlsZQAAeAFjYGAycHRxcmUSYGDIzSspCnJ3UoiIjFJgP8\/AxsDMAAaJycUFjgEBPiBOXn5eKkQUmfx2jYERxL+sCzILWYYINldyQVEJUN0fIDZKSS1OZmBgNACys8tLCoDijHOAbJGkbDB7A4hdFBLkDBQ\/AmTzpUPYV0DsJAj7CYhdBPQEUM0XkPp0MJuJA8ROgrBlQOyS1AqQvQzO+QWVRZnpGSUKhpaWlgqOKflJqQrBlcUlqbnFCp55yflFBflFiSWpKUC1EPeBdDEIQhSCQkwDqNFCEyxKRQIUDxDjPgeCw5dR7AxCDGFRcmlRGZTHyGTMwECIjzBjjgQDg\/9SBgaWPwgxk14GhgU6DAz8UxFiaoYMDAL6DAz75gAAwMZP\/bDv26oAAAAJcEhZcwAACxMAAAsTAQCanBgAAAAWSURBVAgdYzQ+858BFTChckE8agoBAOFyAgqKAXCDAAAAAElFTkSuQmCC\" width=\"6\" height=\"6\" \/> CONGRESO INTERNACIONAL\u00a0<\/span><\/p>\n<p><span style=\"color: #000000;\"><strong>\u00a0\u00a0\u00a0\u00a0 <a title=\"Congreso Internacional Sociedad Global en Red: Actitud innovadora y ecosistemas creativos\" href=\"http:\/\/www.artechmedia.org\/globalsocietyconference\/\" target=\"_blank\">\u00abSociedad Global en Red: Actitud innovadora y ecosistemas creativos\u00bb<\/a>.<\/strong><\/span><\/p>\n<p><span style=\"color: #000000;\"><img loading=\"lazy\" decoding=\"async\" alt=\"\" src=\"data:image\/png;base64,iVBORw0KGgoAAAANSUhEUgAAAAYAAAAGCAIAAABvrngfAAABK2lDQ1BJQ0MgUHJvZmlsZQAAeAFjYGAycHRxcmUSYGDIzSspCnJ3UoiIjFJgP8\/AxsDMAAaJycUFjgEBPiBOXn5eKkQUmfx2jYERxL+sCzILWYYINldyQVEJUN0fIDZKSS1OZmBgNACys8tLCoDijHOAbJGkbDB7A4hdFBLkDBQ\/AmTzpUPYV0DsJAj7CYhdBPQEUM0XkPp0MJuJA8ROgrBlQOyS1AqQvQzO+QWVRZnpGSUKhpaWlgqOKflJqQrBlcUlqbnFCp55yflFBflFiSWpKUC1EPeBdDEIQhSCQkwDqNFCEyxKRQIUDxDjPgeCw5dR7AxCDGFRcmlRGZTHyGTMwECIjzBjjgQDg\/9SBgaWPwgxk14GhgU6DAz8UxFiaoYMDAL6DAz75gAAwMZP\/bDv26oAAAAJcEhZcwAACxMAAAsTAQCanBgAAAAWSURBVAgdYzQ+858BFTChckE8agoBAOFyAgqKAXCDAAAAAElFTkSuQmCC\" width=\"6\" height=\"6\" \/> Realizaci\u00f3n ESTUDIO <strong>\u00abRed Global de Centros Tecnol\u00f3gicos del Conocimiento\u00bb.<\/strong><\/span><\/p>\n<p><span style=\"color: #000000;\"><img loading=\"lazy\" decoding=\"async\" alt=\"\" src=\"data:image\/png;base64,iVBORw0KGgoAAAANSUhEUgAAAAYAAAAGCAIAAABvrngfAAABK2lDQ1BJQ0MgUHJvZmlsZQAAeAFjYGAycHRxcmUSYGDIzSspCnJ3UoiIjFJgP8\/AxsDMAAaJycUFjgEBPiBOXn5eKkQUmfx2jYERxL+sCzILWYYINldyQVEJUN0fIDZKSS1OZmBgNACys8tLCoDijHOAbJGkbDB7A4hdFBLkDBQ\/AmTzpUPYV0DsJAj7CYhdBPQEUM0XkPp0MJuJA8ROgrBlQOyS1AqQvQzO+QWVRZnpGSUKhpaWlgqOKflJqQrBlcUlqbnFCp55yflFBflFiSWpKUC1EPeBdDEIQhSCQkwDqNFCEyxKRQIUDxDjPgeCw5dR7AxCDGFRcmlRGZTHyGTMwECIjzBjjgQDg\/9SBgaWPwgxk14GhgU6DAz8UxFiaoYMDAL6DAz75gAAwMZP\/bDv26oAAAAJcEhZcwAACxMAAAsTAQCanBgAAAAWSURBVAgdYzQ+858BFTChckE8agoBAOFyAgqKAXCDAAAAAElFTkSuQmCC\" width=\"6\" height=\"6\" \/> Convocatorias y selecci\u00f3n de proyectos internacionales arte+ciencia+innovaci\u00f3n+tecnolog\u00eda.<\/span><\/p>\n<p><span style=\"color: #000000;\"><img loading=\"lazy\" decoding=\"async\" alt=\"\" src=\"data:image\/png;base64,iVBORw0KGgoAAAANSUhEUgAAAAYAAAAGCAIAAABvrngfAAABK2lDQ1BJQ0MgUHJvZmlsZQAAeAFjYGAycHRxcmUSYGDIzSspCnJ3UoiIjFJgP8\/AxsDMAAaJycUFjgEBPiBOXn5eKkQUmfx2jYERxL+sCzILWYYINldyQVEJUN0fIDZKSS1OZmBgNACys8tLCoDijHOAbJGkbDB7A4hdFBLkDBQ\/AmTzpUPYV0DsJAj7CYhdBPQEUM0XkPp0MJuJA8ROgrBlQOyS1AqQvQzO+QWVRZnpGSUKhpaWlgqOKflJqQrBlcUlqbnFCp55yflFBflFiSWpKUC1EPeBdDEIQhSCQkwDqNFCEyxKRQIUDxDjPgeCw5dR7AxCDGFRcmlRGZTHyGTMwECIjzBjjgQDg\/9SBgaWPwgxk14GhgU6DAz8UxFiaoYMDAL6DAz75gAAwMZP\/bDv26oAAAAJcEhZcwAACxMAAAsTAQCanBgAAAAWSURBVAgdYzQ+858BFTChckE8agoBAOFyAgqKAXCDAAAAAElFTkSuQmCC\" width=\"6\" height=\"6\" \/> Expansi\u00f3n del Instituto. Sedes y colaboradores.<\/span><\/p>\n<p><span style=\"color: #000000;\"><img loading=\"lazy\" decoding=\"async\" alt=\"\" src=\"data:image\/png;base64,iVBORw0KGgoAAAANSUhEUgAAAAYAAAAGCAIAAABvrngfAAABK2lDQ1BJQ0MgUHJvZmlsZQAAeAFjYGAycHRxcmUSYGDIzSspCnJ3UoiIjFJgP8\/AxsDMAAaJycUFjgEBPiBOXn5eKkQUmfx2jYERxL+sCzILWYYINldyQVEJUN0fIDZKSS1OZmBgNACys8tLCoDijHOAbJGkbDB7A4hdFBLkDBQ\/AmTzpUPYV0DsJAj7CYhdBPQEUM0XkPp0MJuJA8ROgrBlQOyS1AqQvQzO+QWVRZnpGSUKhpaWlgqOKflJqQrBlcUlqbnFCp55yflFBflFiSWpKUC1EPeBdDEIQhSCQkwDqNFCEyxKRQIUDxDjPgeCw5dR7AxCDGFRcmlRGZTHyGTMwECIjzBjjgQDg\/9SBgaWPwgxk14GhgU6DAz8UxFiaoYMDAL6DAz75gAAwMZP\/bDv26oAAAAJcEhZcwAACxMAAAsTAQCanBgAAAAWSURBVAgdYzQ+858BFTChckE8agoBAOFyAgqKAXCDAAAAAElFTkSuQmCC\" width=\"6\" height=\"6\" \/><\/span> <span style=\"color: #000000;\">Talleres y Conferencias:<\/span><\/p>\n<p><span style=\"color: #000000;\">\u00a0\u00a0\u00a0\u00a0 * Educaci\u00f3n en sociedad global en red. Oportunidades.<\/span><\/p>\n<p><span style=\"color: #000000;\">\u00a0\u00a0 \u00a0 * Ciencia y tecnolog\u00edas creativas.<\/span><\/p>\n<p><span style=\"color: #000000;\">\u00a0\u00a0 \u00a0 * Ecosistemas innovadores.<\/span><\/p>\n<p><span style=\"color: #000000;\">\u00a0 \u00a0\u00a0 * Desarrollos TIC\u00b4s.<\/span><\/p>\n<p><img decoding=\"async\" id=\"__kallout-sm-target-image\" style=\"position: absolute; visibility: visible; color: transparent; margin: 0px; z-index: 2147483647; left: 528px; top: 32px;\" alt=\"\" src=\"data:image\/png;base64,iVBORw0KGgoAAAANSUhEUgAAABYAAAAUCAYAAACJfM0wAAAABHNCSVQICAgIfAhkiAAAAAlwSFlzAAAK8AAACvABQqw0mAAAAB90RVh0U29mdHdhcmUATWFjcm9tZWRpYSBGaXJld29ya3MgOLVo0ngAAAAWdEVYdENyZWF0aW9uIFRpbWUAMDQvMDQvMDhrK9wWAAACLklEQVQ4jbXUP0wTcRQH8O\/9ekdjkT8CUqpee00bRyNNmSRSV0PcJJoQg2i6ODTExEUHg04OaNSppqtCjQ4ukDSKSuLUwcm4NNZcQYsIGtD+u\/f7MZSWXltqo\/Ul7\/JL7u7z3r3fLye53e5xj8ejoYWRSCSSstfr1YLBYHcr4XA4rMmMMciy3EoXjDHIjDEoivL\/4fefrP1P3nYEvqzLajOIo8fQz5\/cfH3cnVttCM8udQaODBxQFx44Ye9h4HxvdGWtgMlbSXV2SQoMHf0RNcGSJJlmvPLdos7fdyIWL+D5myx+ZwwUDAIRh2EU1wYRFItA6FwvIjdcGJr4qFYakiSBlTavlABwsJth7mUWmSyBOAfnAkQE4gKccxBx\/MoYmHmcxuH+NgAwGQ03j3NeRjjnoGqcC\/zcIgghAMBkNISJuKlbEy4EaKdoKerC5nNMxQdlgVx+t0siKhYQovwV1rbdtyoNxlhxxoqilBMA0uuES6Pt6NqP2hHsoDarhJuXD2F5NV\/uuJR1T4XLzvTJ25\/VyHUnzgzba0YkKq6pdB4T00m47EyvPhU1M54asy3ee5o55bvwQQWAr\/PHMBfbQGhGrykCANqARZ8asy3+ccYjg\/K3kcF9UQAYvrJ29dmrDUxHlnOxu72P+rpYrq5eFU39K649TCF0tnPB0WdtCt2z48rQHIp+8XTHu9ET7alm0aY6fnFHjda98a\/w3wZjDJLP5xv3+\/1aK+F4PJ7cBm32CUNiyI2GAAAAAElFTkSuQmCC\" \/><\/p>","protected":false},"excerpt":{"rendered":"<p>CONGRESO INTERNACIONAL\u00a0 \u00a0\u00a0\u00a0\u00a0 \u00abSociedad Global en Red: Actitud innovadora y ecosistemas creativos\u00bb. Realizaci\u00f3n ESTUDIO \u00abRed Global de Centros Tecnol\u00f3gicos del Conocimiento\u00bb. Convocatorias y selecci\u00f3n de proyectos internacionales arte+ciencia+innovaci\u00f3n+tecnolog\u00eda. Expansi\u00f3n del Instituto. Sedes y colaboradores. Talleres y Conferencias: \u00a0\u00a0\u00a0\u00a0 * Educaci\u00f3n &hellip; <a href=\"https:\/\/www.artechmedia.org\/globalnetsi\/es\/activities\/\">Continue reading <span class=\"meta-nav\">&rarr;<\/span><\/a><\/p>\n","protected":false},"author":1,"featured_media":0,"parent":0,"menu_order":0,"comment_status":"closed","ping_status":"closed","template":"","meta":{"footnotes":""},"class_list":["post-25","page","type-page","status-publish","hentry"],"_links":{"self":[{"href":"https:\/\/www.artechmedia.org\/globalnetsi\/es\/wp-json\/wp\/v2\/pages\/25","targetHints":{"allow":["GET"]}}],"collection":[{"href":"https:\/\/www.artechmedia.org\/globalnetsi\/es\/wp-json\/wp\/v2\/pages"}],"about":[{"href":"https:\/\/www.artechmedia.org\/globalnetsi\/es\/wp-json\/wp\/v2\/types\/page"}],"author":[{"embeddable":true,"href":"https:\/\/www.artechmedia.org\/globalnetsi\/es\/wp-json\/wp\/v2\/users\/1"}],"replies":[{"embeddable":true,"href":"https:\/\/www.artechmedia.org\/globalnetsi\/es\/wp-json\/wp\/v2\/comments?post=25"}],"version-history":[{"count":51,"href":"https:\/\/www.artechmedia.org\/globalnetsi\/es\/wp-json\/wp\/v2\/pages\/25\/revisions"}],"predecessor-version":[{"id":324,"href":"https:\/\/www.artechmedia.org\/globalnetsi\/es\/wp-json\/wp\/v2\/pages\/25\/revisions\/324"}],"wp:attachment":[{"href":"https:\/\/www.artechmedia.org\/globalnetsi\/es\/wp-json\/wp\/v2\/media?parent=25"}],"curies":[{"name":"wp","href":"https:\/\/api.w.org\/{rel}","templated":true}]}}