{"id":20,"date":"2011-09-06T13:14:55","date_gmt":"2011-09-06T13:14:55","guid":{"rendered":"http:\/\/www.artechmedia.org\/globalnetsi\/?page_id=20"},"modified":"2012-03-14T16:50:16","modified_gmt":"2012-03-14T16:50:16","slug":"vision-y-mision","status":"publish","type":"page","link":"https:\/\/www.artechmedia.org\/globalnetsi\/es\/vision-y-mision\/","title":{"rendered":"visi\u00f3n y misi\u00f3n"},"content":{"rendered":"<p><\/p>\n<p style=\"text-align: justify;\"><span style=\"color: #000000;\"><strong>VISI\u00d3N<\/strong><\/span><\/p>\n<p style=\"text-align: justify;\"><span style=\"color: #000000;\">La visi\u00f3n del GLOBAL NET SOCIETY es convertirse en motor clave en el desarrollo de la sociedad del siglo 21, democr\u00e1tica, global, en red, transversal, creativa, participativa, solidaria e inclusiva, en Espa\u00f1a, Europa y en el mundo, con un impacto positivo en la cultura creativa, cient\u00edfica y tecnol\u00f3gica, en la educaci\u00f3n y en la econom\u00eda del conocimiento, mediante la reflexi\u00f3n compartida, la elaboraci\u00f3n de propuestas y el desarrollo de proyectos transversales que estimulen la colaboraci\u00f3n entre todos los actores de la sociedad ofreciendo recursos y cauces de participaci\u00f3n.<\/span><\/p>\n<p style=\"text-align: justify;\"><span style=\"color: #000000;\">El Instituto desarrollar\u00e1, entre otras funciones, una eficaz labor de colaboraci\u00f3n con personas, instituciones y organizaciones regionales, nacionales, europeas y globales para el impulso y coordinaci\u00f3n entre sectores econ\u00f3micos, cient\u00edficos y culturales con la clara vocaci\u00f3n de contribuir al desarrollo de una sociedad democr\u00e1tica, participativa y plural y la convivencia pac\u00edfica entre pa\u00edses.<\/span><\/p>\n<p style=\"text-align: justify;\"><span style=\"color: #000000;\"><strong>MISI\u00d3N<\/strong><\/span><\/p>\n<p style=\"text-align: justify;\"><span style=\"color: #000000;\">La misi\u00f3n de esta organizaci\u00f3n es impulsar la capacidad de innovaci\u00f3n creativa de nuestras sociedades y la alianza estr\u00e9gica y estable entre arte + cultura + educaci\u00f3n + ciencia + innovaci\u00f3n + tecnolog\u00eda mediante la articulaci\u00f3n de mecanismos que promuevan su participaci\u00f3n y colaboraci\u00f3n efectiva en una gobernanza transparente, comprometida y responsable con el fin de encontrar nuevas soluciones duraderas a los grandes desaf\u00edos europeos y mundiales, con propuestas de futuro, en la nueva era digital de la Sociedad y la Econom\u00eda del Conocimiento, tales como la paz, el cambio clim\u00e1tico y la energ\u00eda, el futuro de la informaci\u00f3n y la comunicaci\u00f3n, el espacio digital com\u00fan, el desarrollo de la cultura digital global\u2026 que nos conducir\u00e1n al necesario cambio a una econom\u00eda socialmente sostenible y responsable con el medio ambiente y el desarrollo integral de las personas.<\/span><\/p>\n<p style=\"text-align: justify;\"><span style=\"color: #000000;\">El Instituto desarrolla una labor encaminada a simplificar, organizar, ordenar y difundir el conocimiento y dise\u00f1ar la arquitectura de la nueva Sociedad Net en colaboraci\u00f3n con personas, instituciones y organizaciones regionales, nacionales, europeas y globales para el impulso y coordinaci\u00f3n entre sectores econ\u00f3micos, cient\u00edficos y culturales. La creatividad y la cultura de innovaci\u00f3n pueden y deben ser el motor, la referencia social de este cambio.<\/span><\/p>\n<p style=\"text-align: justify;\"><span style=\"color: #000000;\">\u00a0<a href=\"http:\/\/www.artechmedia.org\/globalnetsi\/wp-content\/uploads\/2011\/09\/f1.jpg\"><span style=\"color: #000000;\"><img loading=\"lazy\" decoding=\"async\" title=\"f1\" src=\"http:\/\/www.artechmedia.org\/globalnetsi\/wp-content\/uploads\/2011\/09\/f1.jpg\" alt=\"\" width=\"625\" height=\"205\" \/><\/span><\/a><\/span><\/p>\n<p style=\"text-align: justify;\"><span style=\"color: #000000;\"><strong>OBJETIVOS Y FUNCIONES<\/strong><\/span><\/p>\n<p style=\"text-align: justify;\"><span style=\"color: #000000;\">1. <strong>Impulsar<\/strong> la alianza global, estrat\u00e9gica y estable entre sectores creativos, culturales, de educaci\u00f3n, ciencia, innovaci\u00f3n y tecnolog\u00eda entre personas, organizaciones e instituciones de todo el mundo.<\/span><\/p>\n<p style=\"text-align: justify;\"><span style=\"color: #000000;\">2. <strong>Foro del Futuro.<\/strong> Mediante el an\u00e1lisis de las tendencias m\u00e1s innovadoras de la sociedad digital del siglo 21, que se manifiestan en todos los sectores de la actividad humana y que inciden de manera significativa en la cultura y la econom\u00eda del conocimiento, promover debates y elaborar informes y propuestas que sean consideradas en la planificaci\u00f3n de las pol\u00edticas culturales, cient\u00edficas, de innovaci\u00f3n tecnol\u00f3gica&#8230; <\/span><\/p>\n<p style=\"text-align: justify;\"><span style=\"color: #000000;\">3. <strong>Evaluar.<\/strong> Seguimiento de la incidencia de propuestas y recomendaciones que elabore el Instituto, en instituciones y organizaciones europeas e internacionales<\/span><\/p>\n<p style=\"text-align: justify;\"><span style=\"color: #000000;\">4. <strong>Conocimiento.<\/strong> Difusi\u00f3n de conocimientos arte+cultura+ciencia+tecnolog\u00eda+innovaci\u00f3n para el fomento del inter\u00e9s por la cultura, ciencia y tecnolog\u00eda, especialmente entre los j\u00f3venes y la formaci\u00f3n de p\u00fablicos.<\/span><\/p>\n<p style=\"text-align: justify;\"><span style=\"color: #000000;\">5. <strong>I+D+i+Creatividad.<\/strong> Impulso al desarrollo de proyectos arte+ciencia+ innovaci\u00f3n+tecnolog\u00eda.<\/span><\/p>\n<p style=\"text-align: justify;\"><span style=\"color: #000000;\">6.<strong> Desarrollar programas<\/strong> educativos, de investigaci\u00f3n y de creaci\u00f3n. Coordinaci\u00f3n de recursos y objetivos entre todos los sectores vinculados a los nuevos medios que favorezcan su optimizaci\u00f3n y la generaci\u00f3n de contenidos aplicables para el conjunto de la sociedad.<\/span><\/p>\n<p style=\"text-align: justify;\"><span style=\"color: #000000;\">7. <strong>Colaborar<\/strong> con personas, instituciones y organizaciones del \u00e1mbito europeo e internacional para el desarrollo de sus objetivos.<\/span><\/p>\n<p style=\"text-align: justify;\"><span style=\"color: #000000;\">8. <strong>Participaci\u00f3n<\/strong>. El Instituto est\u00e1 abierto a la participaci\u00f3n de toda la sociedad, para ello implementar\u00e1 todos los recursos necesarios, p\u00e1gina web, redes sociales\u2026<\/span><\/p>\n<p style=\"text-align: justify;\"><span style=\"color: #000000;\">9. <strong>Sedes.<\/strong> Tras la inauguraci\u00f3n de la sede principal en la ciudad de Bilbao, desarrollar\u00e1 una red de sedes en las principales ciudades del mundo.<\/span><\/p>\n<p><\/p>","protected":false},"excerpt":{"rendered":"<p>VISI\u00d3N La visi\u00f3n del GLOBAL NET SOCIETY es convertirse en motor clave en el desarrollo de la sociedad del siglo 21, democr\u00e1tica, global, en red, transversal, creativa, participativa, solidaria e inclusiva, en Espa\u00f1a, Europa y en el mundo, con un &hellip; <a href=\"https:\/\/www.artechmedia.org\/globalnetsi\/es\/vision-y-mision\/\">Continue reading <span class=\"meta-nav\">&rarr;<\/span><\/a><\/p>\n","protected":false},"author":1,"featured_media":0,"parent":0,"menu_order":0,"comment_status":"closed","ping_status":"closed","template":"","meta":{"footnotes":""},"class_list":["post-20","page","type-page","status-publish","hentry"],"_links":{"self":[{"href":"https:\/\/www.artechmedia.org\/globalnetsi\/es\/wp-json\/wp\/v2\/pages\/20","targetHints":{"allow":["GET"]}}],"collection":[{"href":"https:\/\/www.artechmedia.org\/globalnetsi\/es\/wp-json\/wp\/v2\/pages"}],"about":[{"href":"https:\/\/www.artechmedia.org\/globalnetsi\/es\/wp-json\/wp\/v2\/types\/page"}],"author":[{"embeddable":true,"href":"https:\/\/www.artechmedia.org\/globalnetsi\/es\/wp-json\/wp\/v2\/users\/1"}],"replies":[{"embeddable":true,"href":"https:\/\/www.artechmedia.org\/globalnetsi\/es\/wp-json\/wp\/v2\/comments?post=20"}],"version-history":[{"count":56,"href":"https:\/\/www.artechmedia.org\/globalnetsi\/es\/wp-json\/wp\/v2\/pages\/20\/revisions"}],"predecessor-version":[{"id":45,"href":"https:\/\/www.artechmedia.org\/globalnetsi\/es\/wp-json\/wp\/v2\/pages\/20\/revisions\/45"}],"wp:attachment":[{"href":"https:\/\/www.artechmedia.org\/globalnetsi\/es\/wp-json\/wp\/v2\/media?parent=20"}],"curies":[{"name":"wp","href":"https:\/\/api.w.org\/{rel}","templated":true}]}}