{"id":18,"date":"2011-09-06T13:14:30","date_gmt":"2011-09-06T13:14:30","guid":{"rendered":"http:\/\/www.artechmedia.org\/globalnetsi\/?page_id=18"},"modified":"2013-07-24T09:36:46","modified_gmt":"2013-07-24T09:36:46","slug":"idea","status":"publish","type":"page","link":"https:\/\/www.artechmedia.org\/globalnetsi\/es\/idea\/","title":{"rendered":"origen idea"},"content":{"rendered":"<p><\/p>\n<p align=\"JUSTIFY\"><a href=\"http:\/\/www.artechmedia.org\/globalnetsi\/wp-content\/uploads\/2011\/09\/1c2.jpg\"><img loading=\"lazy\" decoding=\"async\" class=\"alignnone size-full wp-image-57\" title=\"1c\" src=\"http:\/\/www.artechmedia.org\/globalnetsi\/wp-content\/uploads\/2011\/09\/1c2.jpg\" alt=\"\" width=\"755\" height=\"269\" srcset=\"https:\/\/www.artechmedia.org\/globalnetsi\/wp-content\/uploads\/2011\/09\/1c2.jpg 755w, https:\/\/www.artechmedia.org\/globalnetsi\/wp-content\/uploads\/2011\/09\/1c2-300x106.jpg 300w\" sizes=\"auto, (max-width: 755px) 100vw, 755px\" \/><\/a><\/p>\n<p style=\"text-align: justify;\"><span style=\"color: #000000;\">La necesidad y oportunidad de crear el GLOBAL NET SOCIETY INSTITUTE ha sido debatida en los congresos y encuentros organizados por ARTECHMEDIA con la colaboraci\u00f3n y patrocinio de 70 instituciones y organizaciones de todo el mundo. En el conjunto de los debates han participado m\u00e1s de 500 personalidades del mundo del arte y la cultura, ciencia, innovaci\u00f3n y tecnolog\u00eda junto a representantes de las principales instituciones y organizaciones espa\u00f1olas, europeas e internacionales. <span style=\"color: #ff00ff;\"><a href=\"http:\/\/www.artechmedia.org\/\"><span style=\"color: #ff00ff;\">www.artechmedia.org<\/span><\/a> <\/span><\/span><\/p>\n<p style=\"text-align: justify;\"><span style=\"color: #000000;\">En el 2\u00ba Congreso Europeo \u201cEstrategias para el Desarrollo del Espacio Digital Europeo\u201d que se celebr\u00f3\u00a0 en C\u00e1mara de Comercio de Bilbao, Comisi\u00f3n Europea en Madrid y Parlamento Europeo en Bruselas, se establece, el compromiso de formar un Grupo de Expertos con la misi\u00f3n de elaborar un INFORME para la constituci\u00f3n de la mencionada Organizaci\u00f3n. <\/span><\/p>\n<p style=\"text-align: justify;\"><span style=\"color: #000000;\">web:<\/span> <a href=\"http:\/\/www.artechmedia.net\/emc27\/II_CONGRESO_EUROPEO_2010.htm\"><span style=\"color: #ff00ff;\">2\u00ba Congreso Europeo \u201cEstrategias para el Desarrollo del Espacio Digital Europeo\u201d<\/span><\/a><\/p>\n<p style=\"text-align: justify;\"><span style=\"color: #000000;\">Como resultado del trabajo realizado por el Grupo de Expertos, en el que participan m\u00e1s de 100 personalidades de diferentes \u00e1mbitos, el INFORME se present\u00f3 en el 3\u00ba Congreso Europeo \u201cSociedad Net\u201d celebrado en Comisi\u00f3n Europea Representaci\u00f3n en Espa\u00f1a, Madrid; Bizkaia Aretoa UPV, Fundaci\u00f3n Euskampus, Bilbao; Parlamento Europeo, Bruselas<\/span><\/p>\n<p style=\"text-align: justify;\"><span style=\"color: #000000;\">web: <span style=\"color: #ff00ff;\"><a href=\"http:\/\/www.artechmedia.org\/3EuropeanConference\"><span style=\"color: #ff00ff;\">3\u00ba Congreso Europeo \u201cSociedad Net\u201d<\/span><\/a><\/span><\/span><\/p>\n<p style=\"text-align: justify;\"><span style=\"color: #000000;\">Para la realizaci\u00f3n del INFORME, se cont\u00f3 con la colaboraci\u00f3n de la Diputaci\u00f3n Foral de Bizkaia y Lan Ekintza- Ayuntamiento de Bilbao.<\/span><\/p>\n<p><\/p>","protected":false},"excerpt":{"rendered":"<p>La necesidad y oportunidad de crear el GLOBAL NET SOCIETY INSTITUTE ha sido debatida en los congresos y encuentros organizados por ARTECHMEDIA con la colaboraci\u00f3n y patrocinio de 70 instituciones y organizaciones de todo el mundo. En el conjunto de &hellip; <a href=\"https:\/\/www.artechmedia.org\/globalnetsi\/es\/idea\/\">Continue reading <span class=\"meta-nav\">&rarr;<\/span><\/a><\/p>\n","protected":false},"author":1,"featured_media":0,"parent":0,"menu_order":0,"comment_status":"closed","ping_status":"closed","template":"","meta":{"footnotes":""},"class_list":["post-18","page","type-page","status-publish","hentry"],"_links":{"self":[{"href":"https:\/\/www.artechmedia.org\/globalnetsi\/es\/wp-json\/wp\/v2\/pages\/18","targetHints":{"allow":["GET"]}}],"collection":[{"href":"https:\/\/www.artechmedia.org\/globalnetsi\/es\/wp-json\/wp\/v2\/pages"}],"about":[{"href":"https:\/\/www.artechmedia.org\/globalnetsi\/es\/wp-json\/wp\/v2\/types\/page"}],"author":[{"embeddable":true,"href":"https:\/\/www.artechmedia.org\/globalnetsi\/es\/wp-json\/wp\/v2\/users\/1"}],"replies":[{"embeddable":true,"href":"https:\/\/www.artechmedia.org\/globalnetsi\/es\/wp-json\/wp\/v2\/comments?post=18"}],"version-history":[{"count":48,"href":"https:\/\/www.artechmedia.org\/globalnetsi\/es\/wp-json\/wp\/v2\/pages\/18\/revisions"}],"predecessor-version":[{"id":1062,"href":"https:\/\/www.artechmedia.org\/globalnetsi\/es\/wp-json\/wp\/v2\/pages\/18\/revisions\/1062"}],"wp:attachment":[{"href":"https:\/\/www.artechmedia.org\/globalnetsi\/es\/wp-json\/wp\/v2\/media?parent=18"}],"curies":[{"name":"wp","href":"https:\/\/api.w.org\/{rel}","templated":true}]}}