{"id":15,"date":"2011-09-06T13:07:30","date_gmt":"2011-09-06T13:07:30","guid":{"rendered":"http:\/\/www.artechmedia.org\/globalnetsi\/?page_id=15"},"modified":"2015-05-06T15:33:09","modified_gmt":"2015-05-06T15:33:09","slug":"globalnetsi","status":"publish","type":"page","link":"https:\/\/www.artechmedia.org\/globalnetsi\/es\/","title":{"rendered":"GlobalNetSI"},"content":{"rendered":"<p><\/p>\n<h2 align=\"JUSTIFY\"><span style=\"color: #000000;\"><span style=\"font-family: Arial,sans-serif;\"><a title=\"GLOBAL NET SOCIETY INSTITUTE\" href=\"http:\/\/www.artechmedia.org\/globalnetsi\/\"><span style=\"color: #000000;\"><img loading=\"lazy\" decoding=\"async\" class=\"alignnone size-full wp-image-227\" title=\"a\" alt=\"\" src=\"http:\/\/www.artechmedia.org\/globalnetsi\/wp-content\/uploads\/2011\/09\/a1.jpg\" width=\"755\" height=\"269\" srcset=\"https:\/\/www.artechmedia.org\/globalnetsi\/wp-content\/uploads\/2011\/09\/a1.jpg 755w, https:\/\/www.artechmedia.org\/globalnetsi\/wp-content\/uploads\/2011\/09\/a1-300x106.jpg 300w\" sizes=\"auto, (max-width: 755px) 100vw, 755px\" \/><\/span><\/a> <\/span><\/span><\/h2>\n<h2 align=\"JUSTIFY\"><span style=\"color: #000000;\"><span style=\"font-family: Arial,sans-serif;\">Bienvenidas\/os al<\/span><\/span><\/h2>\n<h2 align=\"JUSTIFY\"><span style=\"color: #000000;\"><strong><span style=\"font-family: Arial,sans-serif;\">INSTITUTO GLOBAL DE LA SOCIEDAD NET.<\/span><\/strong><\/span><\/h2>\n<p style=\"text-align: justify;\"><span style=\"color: #000000;\">En un escenario de incertidumbres globales, tenemos una extraordinaria oportunidad de so\u00f1ar, imaginar y proponer la creaci\u00f3n de una nueva organizaci\u00f3n en red nacida de la voluntad de personas y organizaciones de todo el mundo, basada en una alianza global y estable entre sectores innovadores, institucionales, corporativos y sociales donde arte, cultura, educaci\u00f3n, ciencia, innovaci\u00f3n, tecnolog\u00eda\u2026 colaboren para el desarrollo sostenible de la Sociedad y la Econom\u00eda del Conocimiento, para todos.<\/span><\/p>\n<p style=\"text-align: justify;\"><span style=\"color: #000000;\">Traducir el pensamiento en acciones reales que mejoren las condiciones de vida, cultural y econ\u00f3micamente del conjunto de la humanidad, puede ser nuestro gran reto.<\/span><\/p>\n<p style=\"text-align: justify;\"><span style=\"color: #000000;\">Hoy, ese sue\u00f1o ya es una realidad, <strong>GLOBAL NET SOCIETY INSTITUTE<\/strong> nace como organizaci\u00f3n global en red, sin \u00e1nimo de lucro y abierta a la colaboraci\u00f3n de todas aquellas personas, instituciones y organizaciones, con actitud creativa e innovadora, de todo el mundo. <\/span><\/p>\n<p style=\"text-align: justify;\"><span style=\"color: #000000;\">Nuestro m\u00e1s sentido agradecimiento a todas las personas que en estos a\u00f1os han dedicado un valioso tiempo a debatir sobre la problem\u00e1tica de adaptaci\u00f3n de nuestras sociedades a la revoluci\u00f3n tecnol\u00f3gica global, a los cambios de paradigmas culturales y econ\u00f3micos y su repercusi\u00f3n en el conjunto de nuestras sociedades. Y, muy especialmente, a los miembros del Grupo de Expertos, como colaboradores en la creaci\u00f3n del Instituto.<\/span><\/p>\n<p style=\"text-align: justify;\"><span style=\"color: #000000;\">Esta propuesta, iniciada y coordinada por <strong>ARTECHMEDIA<\/strong> con la colaboraci\u00f3n de personas, instituciones y organizaciones de todo el mundo, s\u00f3lo tendr\u00e1 sentido si logramos que sirva a los intereses y necesidades de la sociedad global del siglo 21. <\/span><\/p>\n<p style=\"text-align: justify;\"><span style=\"color: #000000;\">Te invitamos a participar. Gracias por tu inter\u00e9s.<\/span><\/p>\n<p><\/p>","protected":false},"excerpt":{"rendered":"<p>Bienvenidas\/os al INSTITUTO GLOBAL DE LA SOCIEDAD NET. En un escenario de incertidumbres globales, tenemos una extraordinaria oportunidad de so\u00f1ar, imaginar y proponer la creaci\u00f3n de una nueva organizaci\u00f3n en red nacida de la voluntad de personas y organizaciones de &hellip; <a href=\"https:\/\/www.artechmedia.org\/globalnetsi\/es\/\">Continue reading <span class=\"meta-nav\">&rarr;<\/span><\/a><\/p>\n","protected":false},"author":1,"featured_media":0,"parent":0,"menu_order":0,"comment_status":"closed","ping_status":"closed","template":"","meta":{"footnotes":""},"class_list":["post-15","page","type-page","status-publish","hentry"],"_links":{"self":[{"href":"https:\/\/www.artechmedia.org\/globalnetsi\/es\/wp-json\/wp\/v2\/pages\/15","targetHints":{"allow":["GET"]}}],"collection":[{"href":"https:\/\/www.artechmedia.org\/globalnetsi\/es\/wp-json\/wp\/v2\/pages"}],"about":[{"href":"https:\/\/www.artechmedia.org\/globalnetsi\/es\/wp-json\/wp\/v2\/types\/page"}],"author":[{"embeddable":true,"href":"https:\/\/www.artechmedia.org\/globalnetsi\/es\/wp-json\/wp\/v2\/users\/1"}],"replies":[{"embeddable":true,"href":"https:\/\/www.artechmedia.org\/globalnetsi\/es\/wp-json\/wp\/v2\/comments?post=15"}],"version-history":[{"count":34,"href":"https:\/\/www.artechmedia.org\/globalnetsi\/es\/wp-json\/wp\/v2\/pages\/15\/revisions"}],"predecessor-version":[{"id":1267,"href":"https:\/\/www.artechmedia.org\/globalnetsi\/es\/wp-json\/wp\/v2\/pages\/15\/revisions\/1267"}],"wp:attachment":[{"href":"https:\/\/www.artechmedia.org\/globalnetsi\/es\/wp-json\/wp\/v2\/media?parent=15"}],"curies":[{"name":"wp","href":"https:\/\/api.w.org\/{rel}","templated":true}]}}