{"id":33,"date":"2012-02-20T16:24:19","date_gmt":"2012-02-20T16:24:19","guid":{"rendered":"http:\/\/www.artechmedia.org\/espacioenter_call\/?page_id=33"},"modified":"2019-01-31T16:39:50","modified_gmt":"2019-01-31T16:39:50","slug":"digitalcinema_terms","status":"publish","type":"page","link":"https:\/\/www.artechmedia.org\/espacioenter_call\/digitalcinema_terms\/","title":{"rendered":"t\u00e9rminos cine digital"},"content":{"rendered":"<p align=\"JUSTIFY\"><strong>CONDICIONES GENERALES:<\/strong><\/p>\n<p align=\"JUSTIFY\">&#8211; S\u00f3lo podr\u00e1n participar las obras producidas con posterioridad al 1 enero 2018<\/p>\n<p align=\"JUSTIFY\">&#8211; No existe un n\u00famero limitado de obras a presentar.<\/p>\n<p align=\"JUSTIFY\">&#8211; Las obras podr\u00e1n presentarse en cualquier lengua.<\/p>\n<p align=\"JUSTIFY\">\u00a0 De ser seleccionada ser\u00e1 obligatorio incluir una lista con los di\u00e1logos en castellano o ingl\u00e9s.<\/p>\n<p align=\"JUSTIFY\">&#8211; La organizaci\u00f3n podr\u00e1 utilizar fragmentos de las obras para difusi\u00f3n en los medios, siempre dentro<\/p>\n<p align=\"JUSTIFY\">\u00a0 del marco de promoci\u00f3n de ESPACIO ENTER proyecto de ARTECHMEDIA<\/p>\n<p align=\"JUSTIFY\">&#8211; Finalizado el proceso de selecci\u00f3n, se notificar\u00e1 por escrito a todos los participantes el resultado y<\/p>\n<p align=\"JUSTIFY\">\u00a0\u00a0 el formato de presentaci\u00f3n de su obra.<\/p>\n<p align=\"JUSTIFY\">&#8211; Los autores se responsabilizar\u00e1n de los derechos de sus obras.<\/p>\n<p align=\"JUSTIFY\">&#8211; Las obras seleccionadas ser\u00e1n exhibidas en ESPACIO ENTER proyecto de ARTECHMEDIA<\/p>\n<p align=\"JUSTIFY\">&#8211; Se elaborar\u00e1 cat\u00e1logo digital espa\u00f1ol e ingl\u00e9s.<\/p>\n<p align=\"JUSTIFY\">&#8211; Las obras seleccionadas se comprometen a ceder una copia a ESPACIO ENTER, proyecto de<\/p>\n<p align=\"JUSTIFY\">ARTECHMEDIA que podr\u00e1 utilizarlas en las muestras que se organicen.<\/p>\n<p align=\"JUSTIFY\">&#8211; Para preservar la libertad de lo\/as autores\/as, la organizaci\u00f3n no se hace responsable del contenido<\/p>\n<p align=\"JUSTIFY\">de las obras.<\/p>\n<p align=\"JUSTIFY\"><strong>PROYECTOS:<\/strong><\/p>\n<p align=\"JUSTIFY\">&#8211; Los interesados en presentar obra en estas secciones deber\u00e1n enviar la ficha de inscripci\u00f3n cumplimentada, as\u00ed como la obra enviada por medios electr\u00f3nicos.<\/p>\n<p align=\"JUSTIFY\">&#8211; Los films deber\u00e1n incluir la direcci\u00f3n URL en la ficha de inscripci\u00f3n.<\/p>\n<p align=\"JUSTIFY\"><strong>FECHA RECEPCI\u00d3N:<\/strong><\/p>\n<p align=\"JUSTIFY\">&#8211; El plazo de recepci\u00f3n de las propuestas finalizar\u00e1 el\u00a028 de\u00a0febrero de 2019<\/p>\n<p align=\"JUSTIFY\"><strong>SELECCI\u00d3N Y JURADO:<\/strong><\/p>\n<p align=\"JUSTIFY\">&#8211; Los trabajos presentados ser\u00e1n seleccionados por un comit\u00e9 de la organizaci\u00f3n.<\/p>\n<p align=\"JUSTIFY\">&#8211; En cada secci\u00f3n un jurado compuesto por expertos seleccionar\u00e1 las obras se exhibir\u00e1n<\/p>\n<p align=\"JUSTIFY\">&#8211; La decisi\u00f3n del jurado ser\u00e1 inapelable.<\/p>\n<p align=\"JUSTIFY\"><strong>OBRAS SELECCIONADAS:<\/strong><\/p>\n<p align=\"JUSTIFY\">Deber\u00e1n incluir:<\/p>\n<p align=\"JUSTIFY\">&#8211; Breve descripci\u00f3n del film [sinopsis].<\/p>\n<p align=\"JUSTIFY\">&#8211; Ficha t\u00e9cnica.<\/p>\n<p align=\"JUSTIFY\">&#8211; Requerimientos t\u00e9cnicos para su proyecci\u00f3n.<\/p>\n<p align=\"JUSTIFY\">&#8211; Dos fotogramas en color por cada trabajo enviado.<\/p>\n<p align=\"JUSTIFY\">&#8211; Breve curr\u00edculo del autor o entidad representante.<\/p>\n<p align=\"JUSTIFY\">&#8211; Listado y subtitulado con di\u00e1logos en castellano o ingl\u00e9s.<\/p>\n<p align=\"JUSTIFY\">&#8211; Todos los trabajos deben incluir en su portada: el t\u00edtulo de la obra, la direcci\u00f3n de env\u00edo y los datos del autor o entidad representada.<\/p>\n<p align=\"JUSTIFY\">&#8211; En caso de que la direcci\u00f3n de env\u00edo sea incorrecta, la organizaci\u00f3n no se responsabilizar\u00e1 de las obras<\/p>\n<p align=\"JUSTIFY\">&#8211; La presentaci\u00f3n de la obra supone la aceptaci\u00f3n de estas bases.<\/p>\n<p>&nbsp;<\/p>\n","protected":false},"excerpt":{"rendered":"<p>CONDICIONES GENERALES: &#8211; S\u00f3lo podr\u00e1n participar las obras producidas con posterioridad al 1 enero 2018 &#8211; No existe un n\u00famero limitado de obras a presentar. &#8211; Las obras podr\u00e1n presentarse en cualquier lengua. \u00a0 De ser seleccionada ser\u00e1 obligatorio incluir una lista con los di\u00e1logos en castellano o ingl\u00e9s. &#8211; La organizaci\u00f3n podr\u00e1 utilizar fragmentos &hellip;<br \/><a href=\"https:\/\/www.artechmedia.org\/espacioenter_call\/digitalcinema_terms\/\">Read more <span class=\"meta-nav\">&rarr;<\/span><\/a><\/p>\n","protected":false},"author":1,"featured_media":0,"parent":0,"menu_order":0,"comment_status":"closed","ping_status":"closed","template":"","meta":{"footnotes":""},"class_list":["post-33","page","type-page","status-publish","hentry"],"_links":{"self":[{"href":"https:\/\/www.artechmedia.org\/espacioenter_call\/wp-json\/wp\/v2\/pages\/33","targetHints":{"allow":["GET"]}}],"collection":[{"href":"https:\/\/www.artechmedia.org\/espacioenter_call\/wp-json\/wp\/v2\/pages"}],"about":[{"href":"https:\/\/www.artechmedia.org\/espacioenter_call\/wp-json\/wp\/v2\/types\/page"}],"author":[{"embeddable":true,"href":"https:\/\/www.artechmedia.org\/espacioenter_call\/wp-json\/wp\/v2\/users\/1"}],"replies":[{"embeddable":true,"href":"https:\/\/www.artechmedia.org\/espacioenter_call\/wp-json\/wp\/v2\/comments?post=33"}],"version-history":[{"count":41,"href":"https:\/\/www.artechmedia.org\/espacioenter_call\/wp-json\/wp\/v2\/pages\/33\/revisions"}],"predecessor-version":[{"id":309,"href":"https:\/\/www.artechmedia.org\/espacioenter_call\/wp-json\/wp\/v2\/pages\/33\/revisions\/309"}],"wp:attachment":[{"href":"https:\/\/www.artechmedia.org\/espacioenter_call\/wp-json\/wp\/v2\/media?parent=33"}],"curies":[{"name":"wp","href":"https:\/\/api.w.org\/{rel}","templated":true}]}}